{"id":55,"date":"2021-07-21T06:36:00","date_gmt":"2021-07-21T06:36:00","guid":{"rendered":"https:\/\/www.ravintolasarkka.fi\/?page_id=55"},"modified":"2024-04-28T11:47:08","modified_gmt":"2024-04-28T11:47:08","slug":"historia","status":"publish","type":"page","link":"https:\/\/www.ravintolasarkka.fi\/index.php\/historia\/","title":{"rendered":"Historia"},"content":{"rendered":"\t\t<div data-elementor-type=\"wp-page\" data-elementor-id=\"55\" class=\"elementor elementor-55\" data-elementor-settings=\"{&quot;ha_cmc_init_switcher&quot;:&quot;no&quot;}\" data-elementor-post-type=\"page\">\n\t\t\t\t\t\t<section class=\"elementor-section elementor-top-section elementor-element elementor-element-41fa57ed elementor-section-boxed elementor-section-height-default elementor-section-height-default\" data-id=\"41fa57ed\" data-element_type=\"section\" data-e-type=\"section\" data-settings=\"{&quot;background_background&quot;:&quot;classic&quot;,&quot;_ha_eqh_enable&quot;:false}\">\n\t\t\t\t\t\t\t<div class=\"elementor-background-overlay\"><\/div>\n\t\t\t\t\t\t\t<div class=\"elementor-container elementor-column-gap-default\">\n\t\t\t\t\t<div class=\"elementor-column elementor-col-100 elementor-top-column elementor-element elementor-element-1dbc20ee\" data-id=\"1dbc20ee\" data-element_type=\"column\" data-e-type=\"column\">\n\t\t\t<div class=\"elementor-widget-wrap elementor-element-populated\">\n\t\t\t\t\t\t<div class=\"elementor-element elementor-element-93bf142 elementor-widget elementor-widget-heading\" data-id=\"93bf142\" data-element_type=\"widget\" data-e-type=\"widget\" data-widget_type=\"heading.default\">\n\t\t\t\t<div class=\"elementor-widget-container\">\n\t\t\t\t\t<h2 class=\"elementor-heading-title elementor-size-default\">Historia<\/h2>\t\t\t\t<\/div>\n\t\t\t\t<\/div>\n\t\t\t\t\t<\/div>\n\t\t<\/div>\n\t\t\t\t\t<\/div>\n\t\t<\/section>\n\t\t\t\t<section class=\"elementor-section elementor-top-section elementor-element elementor-element-52996da elementor-section-boxed elementor-section-height-default elementor-section-height-default\" data-id=\"52996da\" data-element_type=\"section\" data-e-type=\"section\" data-settings=\"{&quot;_ha_eqh_enable&quot;:false}\">\n\t\t\t\t\t\t<div class=\"elementor-container elementor-column-gap-default\">\n\t\t\t\t\t<div class=\"elementor-column elementor-col-100 elementor-top-column elementor-element elementor-element-73e5f187\" data-id=\"73e5f187\" data-element_type=\"column\" data-e-type=\"column\">\n\t\t\t<div class=\"elementor-widget-wrap elementor-element-populated\">\n\t\t\t\t\t\t<div class=\"elementor-element elementor-element-5aeb4507 elementor-widget elementor-widget-text-editor\" data-id=\"5aeb4507\" data-element_type=\"widget\" data-e-type=\"widget\" data-widget_type=\"text-editor.default\">\n\t\t\t\t<div class=\"elementor-widget-container\">\n\t\t\t\t\t\t\t\t\t<p>Merihenkinen Ravintola Sarkka sijaitsee Letkunpuiston kulmalla, Oulun ydinkeskustassa. Sarkan historia ulottuu vuoteen 1941, jolloin juuri valmistuneen Hotelli Tervahovin alakertaan perustettiin sen ajan henkeen sopiva kansanravintola. Sarkka sai nimens\u00e4 nimikilpailun tuotoksena vuonna 1942 juomapikaria eli tuoppia tarkoittavan sanan mukaan. Siit\u00e4 asti Sarkka on palvellut samassa paikassa yht\u00e4jaksoisesti pit\u00e4en pintansa erin\u00e4isten aikajaksojen myllerryksess\u00e4, ollen vanhin yht\u00e4jaksoisesti toiminnassa oleva ravintola Oulussa.<\/p>\t\t\t\t\t\t\t\t<\/div>\n\t\t\t\t<\/div>\n\t\t\t\t<div class=\"elementor-element elementor-element-8ab011c elementor-align-left elementor-widget elementor-widget-button\" data-id=\"8ab011c\" data-element_type=\"widget\" data-e-type=\"widget\" data-widget_type=\"button.default\">\n\t\t\t\t<div class=\"elementor-widget-container\">\n\t\t\t\t\t\t\t\t\t<div class=\"elementor-button-wrapper\">\n\t\t\t\t\t<a class=\"elementor-button elementor-button-link elementor-size-sm\" href=\"https:\/\/www.ravintolasarkka.fi\/index.php\/yhteys\/\">\n\t\t\t\t\t\t<span class=\"elementor-button-content-wrapper\">\n\t\t\t\t\t\t\t\t\t<span class=\"elementor-button-text\">Yhteys<\/span>\n\t\t\t\t\t<\/span>\n\t\t\t\t\t<\/a>\n\t\t\t\t<\/div>\n\t\t\t\t\t\t\t\t<\/div>\n\t\t\t\t<\/div>\n\t\t\t\t\t<\/div>\n\t\t<\/div>\n\t\t\t\t\t<\/div>\n\t\t<\/section>\n\t\t\t\t<\/div>\n\t\t","protected":false},"excerpt":{"rendered":"<p>Historia Merihenkinen Ravintola Sarkka sijaitsee Letkunpuiston kulmalla, Oulun ydinkeskustassa. Sarkan historia ulottuu vuoteen 1941, jolloin juuri valmistuneen Hotelli Tervahovin alakertaan perustettiin sen ajan henkeen sopiva kansanravintola. Sarkka sai nimens\u00e4 nimikilpailun tuotoksena vuonna 1942 juomapikaria eli tuoppia tarkoittavan sanan mukaan. Siit\u00e4 asti Sarkka on palvellut samassa paikassa yht\u00e4jaksoisesti pit\u00e4en pintansa erin\u00e4isten aikajaksojen myllerryksess\u00e4, ollen vanhin yht\u00e4jaksoisesti [&hellip;]<\/p>\n","protected":false},"author":1,"featured_media":0,"parent":0,"menu_order":0,"comment_status":"closed","ping_status":"closed","template":"elementor_header_footer","meta":{"footnotes":""},"class_list":["post-55","page","type-page","status-publish","hentry","entry"],"_links":{"self":[{"href":"https:\/\/www.ravintolasarkka.fi\/index.php\/wp-json\/wp\/v2\/pages\/55","targetHints":{"allow":["GET"]}}],"collection":[{"href":"https:\/\/www.ravintolasarkka.fi\/index.php\/wp-json\/wp\/v2\/pages"}],"about":[{"href":"https:\/\/www.ravintolasarkka.fi\/index.php\/wp-json\/wp\/v2\/types\/page"}],"author":[{"embeddable":true,"href":"https:\/\/www.ravintolasarkka.fi\/index.php\/wp-json\/wp\/v2\/users\/1"}],"replies":[{"embeddable":true,"href":"https:\/\/www.ravintolasarkka.fi\/index.php\/wp-json\/wp\/v2\/comments?post=55"}],"version-history":[{"count":5,"href":"https:\/\/www.ravintolasarkka.fi\/index.php\/wp-json\/wp\/v2\/pages\/55\/revisions"}],"predecessor-version":[{"id":965,"href":"https:\/\/www.ravintolasarkka.fi\/index.php\/wp-json\/wp\/v2\/pages\/55\/revisions\/965"}],"wp:attachment":[{"href":"https:\/\/www.ravintolasarkka.fi\/index.php\/wp-json\/wp\/v2\/media?parent=55"}],"curies":[{"name":"wp","href":"https:\/\/api.w.org\/{rel}","templated":true}]}}