{"id":59,"date":"2021-07-24T20:36:00","date_gmt":"2021-07-24T20:36:00","guid":{"rendered":"https:\/\/www.ravintolasarkka.fi\/?page_id=59"},"modified":"2025-12-08T09:01:38","modified_gmt":"2025-12-08T09:01:38","slug":"karaoke","status":"publish","type":"page","link":"https:\/\/www.ravintolasarkka.fi\/index.php\/karaoke\/","title":{"rendered":"Karaoke"},"content":{"rendered":"\t\t<div data-elementor-type=\"wp-page\" data-elementor-id=\"59\" class=\"elementor elementor-59\" data-elementor-settings=\"{&quot;ha_cmc_init_switcher&quot;:&quot;no&quot;}\" data-elementor-post-type=\"page\">\n\t\t\t\t\t\t<section class=\"elementor-section elementor-top-section elementor-element elementor-element-23a8761 elementor-section-boxed elementor-section-height-default elementor-section-height-default\" data-id=\"23a8761\" data-element_type=\"section\" data-e-type=\"section\" data-settings=\"{&quot;background_background&quot;:&quot;classic&quot;,&quot;_ha_eqh_enable&quot;:false}\">\n\t\t\t\t\t\t\t<div class=\"elementor-background-overlay\"><\/div>\n\t\t\t\t\t\t\t<div class=\"elementor-container elementor-column-gap-default\">\n\t\t\t\t\t<div class=\"elementor-column elementor-col-100 elementor-top-column elementor-element elementor-element-cd5a912\" data-id=\"cd5a912\" data-element_type=\"column\" data-e-type=\"column\">\n\t\t\t<div class=\"elementor-widget-wrap elementor-element-populated\">\n\t\t\t\t\t\t<div class=\"elementor-element elementor-element-2504b99 elementor-widget elementor-widget-heading\" data-id=\"2504b99\" data-element_type=\"widget\" data-e-type=\"widget\" data-widget_type=\"heading.default\">\n\t\t\t\t<div class=\"elementor-widget-container\">\n\t\t\t\t\t<h2 class=\"elementor-heading-title elementor-size-default\">Karaoke<\/h2>\t\t\t\t<\/div>\n\t\t\t\t<\/div>\n\t\t\t\t\t<\/div>\n\t\t<\/div>\n\t\t\t\t\t<\/div>\n\t\t<\/section>\n\t\t\t\t<section class=\"elementor-section elementor-top-section elementor-element elementor-element-3ca3810d elementor-section-boxed elementor-section-height-default elementor-section-height-default\" data-id=\"3ca3810d\" data-element_type=\"section\" data-e-type=\"section\" data-settings=\"{&quot;background_background&quot;:&quot;classic&quot;,&quot;_ha_eqh_enable&quot;:false}\">\n\t\t\t\t\t\t\t<div class=\"elementor-background-overlay\"><\/div>\n\t\t\t\t\t\t\t<div class=\"elementor-container elementor-column-gap-default\">\n\t\t\t\t\t<div class=\"elementor-column elementor-col-100 elementor-top-column elementor-element elementor-element-5f7a437d\" data-id=\"5f7a437d\" data-element_type=\"column\" data-e-type=\"column\">\n\t\t\t<div class=\"elementor-widget-wrap elementor-element-populated\">\n\t\t\t\t\t\t<div class=\"elementor-element elementor-element-55025e61 elementor-widget elementor-widget-text-editor\" data-id=\"55025e61\" data-element_type=\"widget\" data-e-type=\"widget\" data-widget_type=\"text-editor.default\">\n\t\t\t\t<div class=\"elementor-widget-container\">\n\t\t\t\t\t\t\t\t\t<p>Nykyisell\u00e4\u00e4n Sarkka on suosittu karaokepubi ja karaokea soitellaan arki-iltaisin 22-02 ja viikonloppuisin klo 15 alkaen.<\/p><p>Sarkan karaokessa on sit\u00e4 perinteist\u00e4 karaoketunnelmaa. Sarkka on niit\u00e4 ainoita Oululaisia karaokebaareja, jossa lauletaan edelleen my\u00f6s niit\u00e4 perinteisi\u00e4 karaokebiisej\u00e4. Voit tutkia kappalevalikoimaamme osoitteessa https:\/\/www.karaokelistat.fi\/8999<\/p><p>Tervetuloa Sarkan karaokeen!<\/p>\t\t\t\t\t\t\t\t<\/div>\n\t\t\t\t<\/div>\n\t\t\t\t<div class=\"elementor-element elementor-element-d872293 elementor-align-left elementor-widget elementor-widget-button\" data-id=\"d872293\" data-element_type=\"widget\" data-e-type=\"widget\" data-widget_type=\"button.default\">\n\t\t\t\t<div class=\"elementor-widget-container\">\n\t\t\t\t\t\t\t\t\t<div class=\"elementor-button-wrapper\">\n\t\t\t\t\t<a class=\"elementor-button elementor-button-link elementor-size-sm\" href=\"https:\/\/karaokelistat.fi\/8999\" target=\"_blank\">\n\t\t\t\t\t\t<span class=\"elementor-button-content-wrapper\">\n\t\t\t\t\t\t\t\t\t<span class=\"elementor-button-text\">Siirry karaokelistoihin t\u00e4st\u00e4<\/span>\n\t\t\t\t\t<\/span>\n\t\t\t\t\t<\/a>\n\t\t\t\t<\/div>\n\t\t\t\t\t\t\t\t<\/div>\n\t\t\t\t<\/div>\n\t\t\t\t<div class=\"elementor-element elementor-element-7da335e elementor-align-left elementor-widget elementor-widget-button\" data-id=\"7da335e\" data-element_type=\"widget\" data-e-type=\"widget\" data-widget_type=\"button.default\">\n\t\t\t\t<div class=\"elementor-widget-container\">\n\t\t\t\t\t\t\t\t\t<div class=\"elementor-button-wrapper\">\n\t\t\t\t\t<a class=\"elementor-button elementor-button-link elementor-size-sm\" href=\"https:\/\/www.ravintolasarkka.fi\/index.php\/yhteys\/\">\n\t\t\t\t\t\t<span class=\"elementor-button-content-wrapper\">\n\t\t\t\t\t\t\t\t\t<span class=\"elementor-button-text\">Yhteys<\/span>\n\t\t\t\t\t<\/span>\n\t\t\t\t\t<\/a>\n\t\t\t\t<\/div>\n\t\t\t\t\t\t\t\t<\/div>\n\t\t\t\t<\/div>\n\t\t\t\t\t<\/div>\n\t\t<\/div>\n\t\t\t\t\t<\/div>\n\t\t<\/section>\n\t\t\t\t<\/div>\n\t\t","protected":false},"excerpt":{"rendered":"<p>Karaoke Nykyisell\u00e4\u00e4n Sarkka on suosittu karaokepubi ja karaokea soitellaan arki-iltaisin 22-02 ja viikonloppuisin klo 15 alkaen. Sarkan karaokessa on sit\u00e4 perinteist\u00e4 karaoketunnelmaa. Sarkka on niit\u00e4 ainoita Oululaisia karaokebaareja, jossa lauletaan edelleen my\u00f6s niit\u00e4 perinteisi\u00e4 karaokebiisej\u00e4. Voit tutkia kappalevalikoimaamme osoitteessa https:\/\/www.karaokelistat.fi\/8999 Tervetuloa Sarkan karaokeen! Siirry karaokelistoihin t\u00e4st\u00e4 Yhteys<\/p>\n","protected":false},"author":1,"featured_media":0,"parent":0,"menu_order":0,"comment_status":"closed","ping_status":"closed","template":"elementor_header_footer","meta":{"footnotes":""},"class_list":["post-59","page","type-page","status-publish","hentry","entry"],"_links":{"self":[{"href":"https:\/\/www.ravintolasarkka.fi\/index.php\/wp-json\/wp\/v2\/pages\/59","targetHints":{"allow":["GET"]}}],"collection":[{"href":"https:\/\/www.ravintolasarkka.fi\/index.php\/wp-json\/wp\/v2\/pages"}],"about":[{"href":"https:\/\/www.ravintolasarkka.fi\/index.php\/wp-json\/wp\/v2\/types\/page"}],"author":[{"embeddable":true,"href":"https:\/\/www.ravintolasarkka.fi\/index.php\/wp-json\/wp\/v2\/users\/1"}],"replies":[{"embeddable":true,"href":"https:\/\/www.ravintolasarkka.fi\/index.php\/wp-json\/wp\/v2\/comments?post=59"}],"version-history":[{"count":8,"href":"https:\/\/www.ravintolasarkka.fi\/index.php\/wp-json\/wp\/v2\/pages\/59\/revisions"}],"predecessor-version":[{"id":1993,"href":"https:\/\/www.ravintolasarkka.fi\/index.php\/wp-json\/wp\/v2\/pages\/59\/revisions\/1993"}],"wp:attachment":[{"href":"https:\/\/www.ravintolasarkka.fi\/index.php\/wp-json\/wp\/v2\/media?parent=59"}],"curies":[{"name":"wp","href":"https:\/\/api.w.org\/{rel}","templated":true}]}}