{"id":992,"date":"2024-08-25T20:27:17","date_gmt":"2024-08-25T20:27:17","guid":{"rendered":"https:\/\/www.ravintolasarkka.fi\/?page_id=992"},"modified":"2025-12-09T10:03:11","modified_gmt":"2025-12-09T10:03:11","slug":"meille-toihin","status":"publish","type":"page","link":"https:\/\/www.ravintolasarkka.fi\/index.php\/meille-toihin\/","title":{"rendered":"Meille t\u00f6ihin"},"content":{"rendered":"\t\t<div data-elementor-type=\"wp-page\" data-elementor-id=\"992\" class=\"elementor elementor-992\" data-elementor-settings=\"{&quot;ha_cmc_init_switcher&quot;:&quot;no&quot;}\" data-elementor-post-type=\"page\">\n\t\t\t\t\t\t<section class=\"elementor-section elementor-top-section elementor-element elementor-element-e43367b elementor-section-boxed elementor-section-height-default elementor-section-height-default\" data-id=\"e43367b\" data-element_type=\"section\" data-e-type=\"section\" data-settings=\"{&quot;background_background&quot;:&quot;classic&quot;,&quot;_ha_eqh_enable&quot;:false}\">\n\t\t\t\t\t\t\t<div class=\"elementor-background-overlay\"><\/div>\n\t\t\t\t\t\t\t<div class=\"elementor-container elementor-column-gap-default\">\n\t\t\t\t\t<div class=\"elementor-column elementor-col-100 elementor-top-column elementor-element elementor-element-27630f7\" data-id=\"27630f7\" data-element_type=\"column\" data-e-type=\"column\">\n\t\t\t<div class=\"elementor-widget-wrap elementor-element-populated\">\n\t\t\t\t\t\t<div class=\"elementor-element elementor-element-c87e221 elementor-widget elementor-widget-heading\" data-id=\"c87e221\" data-element_type=\"widget\" data-e-type=\"widget\" data-widget_type=\"heading.default\">\n\t\t\t\t<div class=\"elementor-widget-container\">\n\t\t\t\t\t<h2 class=\"elementor-heading-title elementor-size-default\">Meille t\u00f6ihin<\/h2>\t\t\t\t<\/div>\n\t\t\t\t<\/div>\n\t\t\t\t\t<\/div>\n\t\t<\/div>\n\t\t\t\t\t<\/div>\n\t\t<\/section>\n\t\t\t\t<section class=\"elementor-section elementor-top-section elementor-element elementor-element-25c61b7 elementor-section-boxed elementor-section-height-default elementor-section-height-default\" data-id=\"25c61b7\" data-element_type=\"section\" data-e-type=\"section\" data-settings=\"{&quot;background_background&quot;:&quot;classic&quot;,&quot;_ha_eqh_enable&quot;:false}\">\n\t\t\t\t\t\t\t<div class=\"elementor-background-overlay\"><\/div>\n\t\t\t\t\t\t\t<div class=\"elementor-container elementor-column-gap-default\">\n\t\t\t\t\t<div class=\"elementor-column elementor-col-100 elementor-top-column elementor-element elementor-element-e9b41d3\" data-id=\"e9b41d3\" data-element_type=\"column\" data-e-type=\"column\">\n\t\t\t<div class=\"elementor-widget-wrap elementor-element-populated\">\n\t\t\t\t\t\t<div class=\"elementor-element elementor-element-d6ae3a3 elementor-widget elementor-widget-text-editor\" data-id=\"d6ae3a3\" data-element_type=\"widget\" data-e-type=\"widget\" data-widget_type=\"text-editor.default\">\n\t\t\t\t<div class=\"elementor-widget-container\">\n\t\t\t\t\t\t\t\t\t<p>Kiinnostaako ravintola-alan ty\u00f6t, etsitk\u00f6 harjoittelija paikkaa. J\u00e4t\u00e4 avoin hakemus osoitteeseen <span style=\"text-decoration: underline;\"><a href=\"mailto:rekry@ravintolasarkka.fi\">rekry@ravintolasarkka.fi<\/a> <\/span>niin otamme yhteytt\u00e4.<br \/>Terveisin Sarkan tiimi.<\/p>\t\t\t\t\t\t\t\t<\/div>\n\t\t\t\t<\/div>\n\t\t\t\t<div class=\"elementor-element elementor-element-e6af733 elementor-align-left elementor-widget elementor-widget-button\" data-id=\"e6af733\" data-element_type=\"widget\" data-e-type=\"widget\" data-widget_type=\"button.default\">\n\t\t\t\t<div class=\"elementor-widget-container\">\n\t\t\t\t\t\t\t\t\t<div class=\"elementor-button-wrapper\">\n\t\t\t\t\t<a class=\"elementor-button elementor-button-link elementor-size-sm\" href=\"https:\/\/www.ravintolasarkka.fi\/index.php\/yhteys\/\">\n\t\t\t\t\t\t<span class=\"elementor-button-content-wrapper\">\n\t\t\t\t\t\t\t\t\t<span class=\"elementor-button-text\">Yhteystiedot<\/span>\n\t\t\t\t\t<\/span>\n\t\t\t\t\t<\/a>\n\t\t\t\t<\/div>\n\t\t\t\t\t\t\t\t<\/div>\n\t\t\t\t<\/div>\n\t\t\t\t\t<\/div>\n\t\t<\/div>\n\t\t\t\t\t<\/div>\n\t\t<\/section>\n\t\t\t\t<\/div>\n\t\t","protected":false},"excerpt":{"rendered":"<p>Meille t\u00f6ihin Kiinnostaako ravintola-alan ty\u00f6t, etsitk\u00f6 harjoittelija paikkaa. J\u00e4t\u00e4 avoin hakemus osoitteeseen rekry@ravintolasarkka.fi niin otamme yhteytt\u00e4.Terveisin Sarkan tiimi. Yhteystiedot<\/p>\n","protected":false},"author":1,"featured_media":0,"parent":0,"menu_order":0,"comment_status":"closed","ping_status":"closed","template":"elementor_header_footer","meta":{"footnotes":""},"class_list":["post-992","page","type-page","status-publish","hentry","entry"],"_links":{"self":[{"href":"https:\/\/www.ravintolasarkka.fi\/index.php\/wp-json\/wp\/v2\/pages\/992","targetHints":{"allow":["GET"]}}],"collection":[{"href":"https:\/\/www.ravintolasarkka.fi\/index.php\/wp-json\/wp\/v2\/pages"}],"about":[{"href":"https:\/\/www.ravintolasarkka.fi\/index.php\/wp-json\/wp\/v2\/types\/page"}],"author":[{"embeddable":true,"href":"https:\/\/www.ravintolasarkka.fi\/index.php\/wp-json\/wp\/v2\/users\/1"}],"replies":[{"embeddable":true,"href":"https:\/\/www.ravintolasarkka.fi\/index.php\/wp-json\/wp\/v2\/comments?post=992"}],"version-history":[{"count":8,"href":"https:\/\/www.ravintolasarkka.fi\/index.php\/wp-json\/wp\/v2\/pages\/992\/revisions"}],"predecessor-version":[{"id":1997,"href":"https:\/\/www.ravintolasarkka.fi\/index.php\/wp-json\/wp\/v2\/pages\/992\/revisions\/1997"}],"wp:attachment":[{"href":"https:\/\/www.ravintolasarkka.fi\/index.php\/wp-json\/wp\/v2\/media?parent=992"}],"curies":[{"name":"wp","href":"https:\/\/api.w.org\/{rel}","templated":true}]}}